{"id":40,"date":"2025-05-07T10:15:54","date_gmt":"2025-05-07T08:15:54","guid":{"rendered":"https:\/\/traezpaysage.com\/?page_id=40"},"modified":"2025-05-30T16:25:05","modified_gmt":"2025-05-30T14:25:05","slug":"accueil","status":"publish","type":"page","link":"https:\/\/traezpaysage.com\/","title":{"rendered":"agence"},"content":{"rendered":"\n<p class=\"has-black-color has-white-background-color has-text-color has-background has-link-color has-normal-font-size wp-elements-ae29e720107e5e552814b4afa2dd47aa\">Tr\u00e6z paysage est une agence de ma\u00eetrise d&#8217;oeuvre en paysage cr\u00e9\u00e9e en mai 2025 par Guillaume Derrien paysagiste DPLG, g\u00e9rant associ\u00e9 de La Plage Architecture et Paysage depuis 2010.<\/p>\n\n\n\n<p class=\"has-black-color has-text-color has-link-color has-normal-font-size wp-elements-4f7dc36b84e668f3fecedb96939ab905\">Adresse: 12 Quai Duguay Trouin 35000 RENNES<\/p>\n\n\n\n<p class=\"has-black-color has-text-color has-link-color has-normal-font-size wp-elements-9a5e6baeecbaacfa987db07a3f626e8d\">contact(at)gderrien.com<\/p>\n\n\n\n<p class=\"has-normal-font-size\">SITE EN CONSTRUCTION<\/p>\n\n\n\n<p><\/p>\n","protected":false},"excerpt":{"rendered":"<p>Tr\u00e6z paysage est une agence de ma\u00eetrise d&#8217;oeuvre en paysage cr\u00e9\u00e9e en mai 2025 par Guillaume Derrien paysagiste DPLG, g\u00e9rant associ\u00e9 de La Plage Architecture et Paysage depuis&#8230;<\/p>\n","protected":false},"author":1,"featured_media":0,"parent":0,"menu_order":0,"comment_status":"closed","ping_status":"closed","template":"","meta":{"footnotes":""},"class_list":["post-40","page","type-page","status-publish","hentry"],"_links":{"self":[{"href":"https:\/\/traezpaysage.com\/index.php\/wp-json\/wp\/v2\/pages\/40","targetHints":{"allow":["GET"]}}],"collection":[{"href":"https:\/\/traezpaysage.com\/index.php\/wp-json\/wp\/v2\/pages"}],"about":[{"href":"https:\/\/traezpaysage.com\/index.php\/wp-json\/wp\/v2\/types\/page"}],"author":[{"embeddable":true,"href":"https:\/\/traezpaysage.com\/index.php\/wp-json\/wp\/v2\/users\/1"}],"replies":[{"embeddable":true,"href":"https:\/\/traezpaysage.com\/index.php\/wp-json\/wp\/v2\/comments?post=40"}],"version-history":[{"count":11,"href":"https:\/\/traezpaysage.com\/index.php\/wp-json\/wp\/v2\/pages\/40\/revisions"}],"predecessor-version":[{"id":140,"href":"https:\/\/traezpaysage.com\/index.php\/wp-json\/wp\/v2\/pages\/40\/revisions\/140"}],"wp:attachment":[{"href":"https:\/\/traezpaysage.com\/index.php\/wp-json\/wp\/v2\/media?parent=40"}],"curies":[{"name":"wp","href":"https:\/\/api.w.org\/{rel}","templated":true}]}}